{"id":13,"date":"2025-06-17T15:31:09","date_gmt":"2025-06-17T13:31:09","guid":{"rendered":"https:\/\/www.midtvejs.dk\/?page_id=13"},"modified":"2025-07-05T18:06:44","modified_gmt":"2025-07-05T16:06:44","slug":"forsiden","status":"publish","type":"page","link":"https:\/\/midtvejs.dk\/","title":{"rendered":"Velkommen til sommerhuset Midtvejs"},"content":{"rendered":"\n<figure class=\"wp-block-image size-large\"><img loading=\"lazy\" decoding=\"async\" width=\"1024\" height=\"768\" src=\"http:\/\/midtvejs.dk\/wp-content\/uploads\/2025\/07\/IMG_4515-1024x768.jpeg\" alt=\"\" class=\"wp-image-63\" srcset=\"https:\/\/midtvejs.dk\/wp-content\/uploads\/2025\/07\/IMG_4515-1024x768.jpeg 1024w, https:\/\/midtvejs.dk\/wp-content\/uploads\/2025\/07\/IMG_4515-300x225.jpeg 300w, https:\/\/midtvejs.dk\/wp-content\/uploads\/2025\/07\/IMG_4515-768x576.jpeg 768w, https:\/\/midtvejs.dk\/wp-content\/uploads\/2025\/07\/IMG_4515-1536x1152.jpeg 1536w, https:\/\/midtvejs.dk\/wp-content\/uploads\/2025\/07\/IMG_4515-2048x1536.jpeg 2048w\" sizes=\"auto, (max-width: 1024px) 100vw, 1024px\" \/><\/figure>\n\n\n\n<p>Huset i Erteb\u00f8lle ligger p\u00e5 en stor, fredelig grund med en betagende udsigt over Limfjorden. Omgivet af gr\u00f8nne tr\u00e6er og \u00e5bne gr\u00e6sarealer er her masser af privatliv og ro \u2013 det perfekte sted at tr\u00e6kke stikket og nyde livet i eget tempo.<\/p>\n\n\n\n<p>Sommerhuset er et \u00e6gte, charmerende sommerhus, hvor der er plads til, at hverdagen g\u00e5r lidt langsommere. Indretningen er enkel og hyggelig med alt, hvad du beh\u00f8ver for et afslappet ophold. Store vinduer lukker lyset ind og giver dig udsigt til fjorden og det omkringliggende landskab.<\/p>\n\n\n\n<p>Herfra er der nem adgang til omr\u00e5det sk\u00f8nne naturoplevelser \u2013 g\u00e5ture langs de stejle skr\u00e6nter, sm\u00e5 stier ved vandet og solnedgange over Limfjorden. For de eventyrlystne og historieinteresserede ligger Erteb\u00f8lle Stenaldercenter i n\u00e6rheden, hvor du kan dykke ned i omr\u00e5dets unikke oldtidshistorie.<\/p>\n\n\n\n<p>Kort sagt: Et sted hvor du kan v\u00e6re dig selv, m\u00e6rke naturen og bare nyde, at tiden g\u00e5r lidt langsommere.<\/p>\n\n\n\nngg_shortcode_0_placeholder\n\n\n\n<h2 class=\"wp-block-heading\">Lokation<\/h2>\n\n\n\n<p>Husets adr.: K\u00e6rne\u00f8ksevej 20, Erteb\u00f8lle, 9640 Fars\u00f8<\/p>\n\n\n\n<figure class=\"wp-block-image size-large\"><img loading=\"lazy\" decoding=\"async\" width=\"1024\" height=\"730\" src=\"https:\/\/midtvejs.dk\/wp-content\/uploads\/2025\/06\/Screenshot-2025-06-28-at-14.57.34-1024x730.png\" alt=\"\" class=\"wp-image-59\" srcset=\"https:\/\/midtvejs.dk\/wp-content\/uploads\/2025\/06\/Screenshot-2025-06-28-at-14.57.34-1024x730.png 1024w, https:\/\/midtvejs.dk\/wp-content\/uploads\/2025\/06\/Screenshot-2025-06-28-at-14.57.34-300x214.png 300w, https:\/\/midtvejs.dk\/wp-content\/uploads\/2025\/06\/Screenshot-2025-06-28-at-14.57.34-768x547.png 768w, https:\/\/midtvejs.dk\/wp-content\/uploads\/2025\/06\/Screenshot-2025-06-28-at-14.57.34.png 1448w\" sizes=\"auto, (max-width: 1024px) 100vw, 1024px\" \/><\/figure>\n\n\n\n<h2 class=\"wp-block-heading\">I omr\u00e5det<\/h2>\n\n\n\n<p>T\u00e6t ved huset finder du ogs\u00e5 en hyggelig restaurant, en legeplads, og en lille minigolfbane \u2013 ideelt for familier med b\u00f8rn eller par, der vil kombinere afslapning med lidt let underholdning.<\/p>\n\n\n\n<h2 class=\"wp-block-heading\">Udlejning<\/h2>\n\n\n\n<p>Vi udlejer helst i uger, men forl\u00e6nget weekend er ogs\u00e5 muligt.<\/p>\n\n\n\n<p><strong>Priser pr. nat (min. 3 n\u00e6tter)<\/strong><br>Juli: 1000,-<br>August: 900,-<br>September: 800,-<br>Oktober: 500,-<br><br><strong>Hvad er inkluderet:<\/strong><br>&#8211; Hus, dyner, vand og str\u00f8m<br>&#8211; Der findes grundingredienser i huset (Mel, sukker salt, peber osv.)<br><br><strong>Hvad st\u00e5r du selv for:?<\/strong><br>&#8211; Dynebetr\u00e6k, lagen, h\u00e5ndkl\u00e6der og viskestykker<br>&#8211; Mad<br>&#8211; Reng\u00f8ring<br><br><strong>Bestilling \/ Kontakt:<\/strong><br>Send en sms eller ring: 25275444 \/ 61305155<\/p>\n","protected":false},"excerpt":{"rendered":"<p>Huset i Erteb\u00f8lle ligger p\u00e5 en stor, fredelig grund med en betagende udsigt over Limfjorden. Omgivet af gr\u00f8nne tr\u00e6er og \u00e5bne gr\u00e6sarealer er her masser af privatliv og ro \u2013 det perfekte sted at tr\u00e6kke stikket og nyde livet i eget tempo. Sommerhuset er et \u00e6gte, charmerende sommerhus, hvor der er plads til, at hverdagen [&hellip;]<\/p>\n","protected":false},"author":1,"featured_media":0,"parent":0,"menu_order":0,"comment_status":"closed","ping_status":"closed","template":"","meta":{"ngg_post_thumbnail":0,"footnotes":""},"class_list":["post-13","page","type-page","status-publish","hentry"],"_links":{"self":[{"href":"https:\/\/midtvejs.dk\/index.php?rest_route=\/wp\/v2\/pages\/13","targetHints":{"allow":["GET"]}}],"collection":[{"href":"https:\/\/midtvejs.dk\/index.php?rest_route=\/wp\/v2\/pages"}],"about":[{"href":"https:\/\/midtvejs.dk\/index.php?rest_route=\/wp\/v2\/types\/page"}],"author":[{"embeddable":true,"href":"https:\/\/midtvejs.dk\/index.php?rest_route=\/wp\/v2\/users\/1"}],"replies":[{"embeddable":true,"href":"https:\/\/midtvejs.dk\/index.php?rest_route=%2Fwp%2Fv2%2Fcomments&post=13"}],"version-history":[{"count":12,"href":"https:\/\/midtvejs.dk\/index.php?rest_route=\/wp\/v2\/pages\/13\/revisions"}],"predecessor-version":[{"id":122,"href":"https:\/\/midtvejs.dk\/index.php?rest_route=\/wp\/v2\/pages\/13\/revisions\/122"}],"wp:attachment":[{"href":"https:\/\/midtvejs.dk\/index.php?rest_route=%2Fwp%2Fv2%2Fmedia&parent=13"}],"curies":[{"name":"wp","href":"https:\/\/api.w.org\/{rel}","templated":true}]}}